{"id":189,"date":"2016-11-06T09:50:57","date_gmt":"2016-11-06T13:50:57","guid":{"rendered":"http:\/\/saralaflamme.ca\/?page_id=189"},"modified":"2018-12-03T22:34:09","modified_gmt":"2018-12-04T02:34:09","slug":"gum-treatments","status":"publish","type":"page","link":"https:\/\/inspiredentistes.ca\/de\/services\/treatments\/gum-treatments\/","title":{"rendered":"Zahnfleischerkrankungen"},"content":{"rendered":"<p>Zahnfleischerkrankungen betreffen einen gro\u00dfen Teil der Bev\u00f6lkerung auf verschiedenen Ebenen. Sein Prinzip ist, dass es zuerst das Zahnfleisch durch Entz\u00fcndung beeinflusst; es hei\u00dft Gingivitis. Dann ist der St\u00fctzknochen der Z\u00e4hne betroffen; es ist zu dieser Zeit Parodontitis. Dies f\u00fchrt zu einem Verlust an Zahnstabilit\u00e4t,\u00a0\u00c4sthetik, kommt Mobilit\u00e4t und m\u00f6glicherweise Zahnverlust.\u00a0Mit einer Behandlung kann dieser Vorgang jedoch vermieden\u00a0werden.<\/p>\n<p>Parodontitis ist auch mit Herz-Kreislauf-Erkrankungen und bestimmten Krebsarten assoziiert.<\/p>\n<p>Es sind mehrere Optionen verf\u00fcgbar und und wir\u00a0k\u00f6nnen sie beraten, was das Beste f\u00fcr Ihr Zahnfleisch ist.<\/p>\n<p><img loading=\"lazy\" decoding=\"async\" class=\"alignnone size-medium wp-image-2258\" src=\"http:\/\/saralaflamme.ca\/wp-content\/uploads\/2018\/12\/flip-chart-e1543889919919-300x201.jpg\" alt=\"\" width=\"300\" height=\"201\" srcset=\"https:\/\/inspiredentistes.ca\/wp-content\/uploads\/2018\/12\/flip-chart-e1543889919919-300x201.jpg 300w, https:\/\/inspiredentistes.ca\/wp-content\/uploads\/2018\/12\/flip-chart-e1543889919919.jpg 582w\" sizes=\"auto, (max-width: 300px) 100vw, 300px\" \/><\/p>","protected":false},"excerpt":{"rendered":"<p>Zahnfleischerkrankungen betreffen einen gro\u00dfen Teil der Bev\u00f6lkerung auf verschiedenen Ebenen. Sein Prinzip ist, dass es zuerst das Zahnfleisch durch Entz\u00fcndung beeinflusst; es hei\u00dft Gingivitis. Dann ist der St\u00fctzknochen der Z\u00e4hne betroffen; es ist zu dieser Zeit Parodontitis. Dies f\u00fchrt zu einem Verlust an Zahnstabilit\u00e4t,\u00a0\u00c4sthetik, kommt Mobilit\u00e4t und m\u00f6glicherweise Zahnverlust.\u00a0Mit einer Behandlung kann dieser Vorgang jedoch <a href=\"https:\/\/inspiredentistes.ca\/de\/services\/treatments\/gum-treatments\/\" class=\"more-link\">...weiterlesen<span class=\"screen-reader-text\"> \"Zahnfleischerkrankungen\"<\/span><\/a><\/p>\n","protected":false},"author":2,"featured_media":0,"parent":12,"menu_order":0,"comment_status":"closed","ping_status":"closed","template":"","meta":{"footnotes":""},"class_list":["post-189","page","type-page","status-publish","h-entry","hentry","h-as-page"],"_links":{"self":[{"href":"https:\/\/inspiredentistes.ca\/de\/wp-json\/wp\/v2\/pages\/189","targetHints":{"allow":["GET"]}}],"collection":[{"href":"https:\/\/inspiredentistes.ca\/de\/wp-json\/wp\/v2\/pages"}],"about":[{"href":"https:\/\/inspiredentistes.ca\/de\/wp-json\/wp\/v2\/types\/page"}],"author":[{"embeddable":true,"href":"https:\/\/inspiredentistes.ca\/de\/wp-json\/wp\/v2\/users\/2"}],"replies":[{"embeddable":true,"href":"https:\/\/inspiredentistes.ca\/de\/wp-json\/wp\/v2\/comments?post=189"}],"version-history":[{"count":19,"href":"https:\/\/inspiredentistes.ca\/de\/wp-json\/wp\/v2\/pages\/189\/revisions"}],"predecessor-version":[{"id":2266,"href":"https:\/\/inspiredentistes.ca\/de\/wp-json\/wp\/v2\/pages\/189\/revisions\/2266"}],"up":[{"embeddable":true,"href":"https:\/\/inspiredentistes.ca\/de\/wp-json\/wp\/v2\/pages\/12"}],"wp:attachment":[{"href":"https:\/\/inspiredentistes.ca\/de\/wp-json\/wp\/v2\/media?parent=189"}],"curies":[{"name":"wp","href":"https:\/\/api.w.org\/{rel}","templated":true}]}}