{"id":1979,"date":"2018-09-04T14:16:48","date_gmt":"2018-09-04T18:16:48","guid":{"rendered":"http:\/\/saralaflamme.ca\/?page_id=1979"},"modified":"2018-12-11T21:32:31","modified_gmt":"2018-12-12T01:32:31","slug":"splint","status":"publish","type":"page","link":"https:\/\/inspiredentistes.ca\/de\/services\/treatments\/splint\/","title":{"rendered":"Pr\u00e4vention und Behandlung von Abnutzung und Schmerzen"},"content":{"rendered":"<p>Aktuelles Thema und sehr\u00a0spannend f\u00fcr Dr. Laflamme, sie konzentriert sich auf die Pr\u00e4vention und gegebenenfalls die Behandlung von Zahn- und Gelenkverschlei\u00df sowie einige Gesichtsschmerzen.<\/p>\n<p>Eine vollst\u00e4ndige Untersuchung der Oro-Gesichtsstrukturen erm\u00f6glicht das Erkennen von symptomatischen oder nicht-symptomatischen Problemen.<\/p>\n<p>Es gibt mehrere Behandlungsm\u00f6glichkeiten:<\/p>\n<ul>\n<li>Okklusionsanpassung<\/li>\n<li>Aufbisschiene<\/li>\n<li>vollst\u00e4ndige Rehabilitation<\/li>\n<li>vor\u00fcbergehende Medikation<\/li>\n<\/ul>\n<p><img loading=\"lazy\" decoding=\"async\" class=\"alignnone size-medium wp-image-2280\" src=\"http:\/\/saralaflamme.ca\/wp-content\/uploads\/2018\/12\/front-bite-300x200.jpg\" alt=\"\" width=\"300\" height=\"200\" srcset=\"https:\/\/inspiredentistes.ca\/wp-content\/uploads\/2018\/12\/front-bite-300x200.jpg 300w, https:\/\/inspiredentistes.ca\/wp-content\/uploads\/2018\/12\/front-bite.jpg 525w\" sizes=\"auto, (max-width: 300px) 100vw, 300px\" \/>\u00a0 \u00a0<img loading=\"lazy\" decoding=\"async\" class=\"alignnone size-medium wp-image-2281\" src=\"http:\/\/saralaflamme.ca\/wp-content\/uploads\/2018\/12\/headache-200x300.jpg\" alt=\"\" width=\"200\" height=\"300\" srcset=\"https:\/\/inspiredentistes.ca\/wp-content\/uploads\/2018\/12\/headache-200x300.jpg 200w, https:\/\/inspiredentistes.ca\/wp-content\/uploads\/2018\/12\/headache.jpg 233w\" sizes=\"auto, (max-width: 200px) 100vw, 200px\" \/><\/p>\n<p>Das Ziel der Okklusionsbehandlung ist die Beseitigung einer \u00fcberm\u00e4\u00dfigen Belastung der Z\u00e4hne und der Kiefergelenke.<\/p>","protected":false},"excerpt":{"rendered":"<p>Aktuelles Thema und sehr\u00a0spannend f\u00fcr Dr. Laflamme, sie konzentriert sich auf die Pr\u00e4vention und gegebenenfalls die Behandlung von Zahn- und Gelenkverschlei\u00df sowie einige Gesichtsschmerzen. Eine vollst\u00e4ndige Untersuchung der Oro-Gesichtsstrukturen erm\u00f6glicht das Erkennen von symptomatischen oder nicht-symptomatischen Problemen. Es gibt mehrere Behandlungsm\u00f6glichkeiten: Okklusionsanpassung Aufbisschiene vollst\u00e4ndige Rehabilitation vor\u00fcbergehende Medikation \u00a0 \u00a0 Das Ziel der Okklusionsbehandlung ist die <a href=\"https:\/\/inspiredentistes.ca\/de\/services\/treatments\/splint\/\" class=\"more-link\">...weiterlesen<span class=\"screen-reader-text\"> \"Pr\u00e4vention und Behandlung von Abnutzung und Schmerzen\"<\/span><\/a><\/p>\n","protected":false},"author":1,"featured_media":0,"parent":12,"menu_order":0,"comment_status":"closed","ping_status":"closed","template":"","meta":{"footnotes":""},"class_list":["post-1979","page","type-page","status-publish","h-entry","hentry","h-as-page"],"_links":{"self":[{"href":"https:\/\/inspiredentistes.ca\/de\/wp-json\/wp\/v2\/pages\/1979","targetHints":{"allow":["GET"]}}],"collection":[{"href":"https:\/\/inspiredentistes.ca\/de\/wp-json\/wp\/v2\/pages"}],"about":[{"href":"https:\/\/inspiredentistes.ca\/de\/wp-json\/wp\/v2\/types\/page"}],"author":[{"embeddable":true,"href":"https:\/\/inspiredentistes.ca\/de\/wp-json\/wp\/v2\/users\/1"}],"replies":[{"embeddable":true,"href":"https:\/\/inspiredentistes.ca\/de\/wp-json\/wp\/v2\/comments?post=1979"}],"version-history":[{"count":28,"href":"https:\/\/inspiredentistes.ca\/de\/wp-json\/wp\/v2\/pages\/1979\/revisions"}],"predecessor-version":[{"id":2341,"href":"https:\/\/inspiredentistes.ca\/de\/wp-json\/wp\/v2\/pages\/1979\/revisions\/2341"}],"up":[{"embeddable":true,"href":"https:\/\/inspiredentistes.ca\/de\/wp-json\/wp\/v2\/pages\/12"}],"wp:attachment":[{"href":"https:\/\/inspiredentistes.ca\/de\/wp-json\/wp\/v2\/media?parent=1979"}],"curies":[{"name":"wp","href":"https:\/\/api.w.org\/{rel}","templated":true}]}}