{"id":217,"date":"2016-11-07T07:30:13","date_gmt":"2016-11-07T11:30:13","guid":{"rendered":"http:\/\/saralaflamme.ca\/?page_id=217"},"modified":"2026-01-28T18:42:41","modified_gmt":"2026-01-28T22:42:41","slug":"dr-sara-laflamme","status":"publish","type":"page","link":"https:\/\/inspiredentistes.ca\/de\/our-team\/dr-sara-laflamme\/","title":{"rendered":"Dr. Sara Laflamme"},"content":{"rendered":"<p><a href=\"https:\/\/inspiredentistes.ca\/wp-content\/uploads\/2026\/01\/sara400.jpg\"><img loading=\"lazy\" decoding=\"async\" class=\"alignright wp-image-9811 size-thumbnail\" src=\"https:\/\/inspiredentistes.ca\/wp-content\/uploads\/2026\/01\/sara400-150x150.jpg\" alt=\"\" width=\"150\" height=\"150\" srcset=\"https:\/\/inspiredentistes.ca\/wp-content\/uploads\/2026\/01\/sara400-150x150.jpg 150w, https:\/\/inspiredentistes.ca\/wp-content\/uploads\/2026\/01\/sara400-300x300.jpg 300w, https:\/\/inspiredentistes.ca\/wp-content\/uploads\/2026\/01\/sara400.jpg 400w\" sizes=\"auto, (max-width: 150px) 100vw, 150px\" \/><\/a><\/p>\n<p>Seit ihrem Abschluss arbeitet sie im Gro\u00dfraum Montreal. Sie praktiziert stolz seit 2017 im wundersch\u00f6nen Beaurepaire Village in Beaconsfield. Ihr Ziel ist es, eine qualitativ hochwertige Versorgung und insbesondere Behandlungen anzubieten, die an Ihre Bed\u00fcrfnisse und Ihre Realit\u00e4t angepasst sind.<\/p>\n<p>Sara Laflamme ist eine Frau mit einer ruhigen Pers\u00f6nlichkeit und dynamischen Ideen. Kontinuierliche Weiterbildung und neue Herausforderungen sind ein aktiver Teil der Arbeit von Dr. Laflamme. Sie arbeitet seit mehr als 20 Jahren als Zahn\u00e4rztin und zeichnet sich vor allem in den Bereichen \u00c4sthetik, Kiefergelenk und Chirurgie, in der sie die neue <a href=\"http:\/\/saralaflamme.ca\/services\/technology\/prf-platelet-rich-fibrin\/\">PRF-Technologie<\/a> mit Leichtigkeit einsetzt. Ihre Leidenschaften: Karate und Musik.<\/p>\n<p>\"Ich freue mich, Sie kennen zu lernen und mit Ihnen zu besprechen, was f\u00fcr Sie wichtig ist.\"<\/p>\n<p>Sara Laflamme, DMD 2003<\/p>","protected":false},"excerpt":{"rendered":"<p>Seit ihrem Abschluss arbeitet sie im Gro\u00dfraum Montreal. Sie praktiziert stolz seit 2017 im wundersch\u00f6nen Beaurepaire Village in Beaconsfield. Ihr Ziel ist es, eine qualitativ hochwertige Versorgung und insbesondere Behandlungen anzubieten, die an Ihre Bed\u00fcrfnisse und Ihre Realit\u00e4t angepasst sind. Sara Laflamme ist eine Frau mit einer ruhigen Pers\u00f6nlichkeit und dynamischen Ideen. Kontinuierliche Weiterbildung und <a href=\"https:\/\/inspiredentistes.ca\/de\/our-team\/dr-sara-laflamme\/\" class=\"more-link\">...weiterlesen<span class=\"screen-reader-text\"> \"Dr. Sara Laflamme\"<\/span><\/a><\/p>\n","protected":false},"author":1,"featured_media":0,"parent":5619,"menu_order":0,"comment_status":"closed","ping_status":"closed","template":"","meta":{"footnotes":""},"class_list":["post-217","page","type-page","status-publish","h-entry","hentry","h-as-page"],"_links":{"self":[{"href":"https:\/\/inspiredentistes.ca\/de\/wp-json\/wp\/v2\/pages\/217","targetHints":{"allow":["GET"]}}],"collection":[{"href":"https:\/\/inspiredentistes.ca\/de\/wp-json\/wp\/v2\/pages"}],"about":[{"href":"https:\/\/inspiredentistes.ca\/de\/wp-json\/wp\/v2\/types\/page"}],"author":[{"embeddable":true,"href":"https:\/\/inspiredentistes.ca\/de\/wp-json\/wp\/v2\/users\/1"}],"replies":[{"embeddable":true,"href":"https:\/\/inspiredentistes.ca\/de\/wp-json\/wp\/v2\/comments?post=217"}],"version-history":[{"count":45,"href":"https:\/\/inspiredentistes.ca\/de\/wp-json\/wp\/v2\/pages\/217\/revisions"}],"predecessor-version":[{"id":9815,"href":"https:\/\/inspiredentistes.ca\/de\/wp-json\/wp\/v2\/pages\/217\/revisions\/9815"}],"up":[{"embeddable":true,"href":"https:\/\/inspiredentistes.ca\/de\/wp-json\/wp\/v2\/pages\/5619"}],"wp:attachment":[{"href":"https:\/\/inspiredentistes.ca\/de\/wp-json\/wp\/v2\/media?parent=217"}],"curies":[{"name":"wp","href":"https:\/\/api.w.org\/{rel}","templated":true}]}}