{"id":2302,"date":"2018-12-03T23:12:02","date_gmt":"2018-12-04T03:12:02","guid":{"rendered":"http:\/\/saralaflamme.ca\/?page_id=2302"},"modified":"2018-12-05T15:40:24","modified_gmt":"2018-12-05T19:40:24","slug":"francais-restorations-sur-implants","status":"publish","type":"page","link":"https:\/\/inspiredentistes.ca\/de\/services\/treatments\/francais-restorations-sur-implants\/","title":{"rendered":"Restaurationen auf Implantate"},"content":{"rendered":"<p>Implantate sind die Restaurationen, die am ehesten nat\u00fcrlichen Z\u00e4hnen \u00e4hneln und aus 2 Teilen bestehen. Der erste ersetzt die Wurzel des fehlenden Zahns und der zweite, der sichtbare Teil des Zahns.<\/p>\n<p>Implantate k\u00f6nnen einen Zahn, einige Z\u00e4hne oder einen kompletten Zahnbogen tragen.<\/p>\n<p><img loading=\"lazy\" decoding=\"async\" class=\"alignnone size-medium wp-image-2227\" src=\"http:\/\/saralaflamme.ca\/wp-content\/uploads\/2018\/12\/apple-1051018__340-300x200.jpg\" alt=\"\" width=\"300\" height=\"200\" srcset=\"https:\/\/inspiredentistes.ca\/wp-content\/uploads\/2018\/12\/apple-1051018__340-300x200.jpg 300w, https:\/\/inspiredentistes.ca\/wp-content\/uploads\/2018\/12\/apple-1051018__340.jpg 510w\" sizes=\"auto, (max-width: 300px) 100vw, 300px\" \/><\/p>\n<p>Viele M\u00f6glichkeiten k\u00f6nnen mit unserem erfahrenen Team besprochen werden.\u00a0Wagen Sie es mit uns \u00fcber die Stabilit\u00e4t, von der Sie immer getr\u00e4umt haben, zu sprechen!<\/p>","protected":false},"excerpt":{"rendered":"<p>Implantate sind die Restaurationen, die am ehesten nat\u00fcrlichen Z\u00e4hnen \u00e4hneln und aus 2 Teilen bestehen. Der erste ersetzt die Wurzel des fehlenden Zahns und der zweite, der sichtbare Teil des Zahns. Implantate k\u00f6nnen einen Zahn, einige Z\u00e4hne oder einen kompletten Zahnbogen tragen. Viele M\u00f6glichkeiten k\u00f6nnen mit unserem erfahrenen Team besprochen werden.\u00a0Wagen Sie es mit uns <a href=\"https:\/\/inspiredentistes.ca\/de\/services\/treatments\/francais-restorations-sur-implants\/\" class=\"more-link\">...weiterlesen<span class=\"screen-reader-text\"> \"Restaurationen auf Implantate\"<\/span><\/a><\/p>\n","protected":false},"author":2,"featured_media":0,"parent":12,"menu_order":0,"comment_status":"closed","ping_status":"closed","template":"","meta":{"footnotes":""},"class_list":["post-2302","page","type-page","status-publish","h-entry","hentry","h-as-page"],"_links":{"self":[{"href":"https:\/\/inspiredentistes.ca\/de\/wp-json\/wp\/v2\/pages\/2302","targetHints":{"allow":["GET"]}}],"collection":[{"href":"https:\/\/inspiredentistes.ca\/de\/wp-json\/wp\/v2\/pages"}],"about":[{"href":"https:\/\/inspiredentistes.ca\/de\/wp-json\/wp\/v2\/types\/page"}],"author":[{"embeddable":true,"href":"https:\/\/inspiredentistes.ca\/de\/wp-json\/wp\/v2\/users\/2"}],"replies":[{"embeddable":true,"href":"https:\/\/inspiredentistes.ca\/de\/wp-json\/wp\/v2\/comments?post=2302"}],"version-history":[{"count":14,"href":"https:\/\/inspiredentistes.ca\/de\/wp-json\/wp\/v2\/pages\/2302\/revisions"}],"predecessor-version":[{"id":2393,"href":"https:\/\/inspiredentistes.ca\/de\/wp-json\/wp\/v2\/pages\/2302\/revisions\/2393"}],"up":[{"embeddable":true,"href":"https:\/\/inspiredentistes.ca\/de\/wp-json\/wp\/v2\/pages\/12"}],"wp:attachment":[{"href":"https:\/\/inspiredentistes.ca\/de\/wp-json\/wp\/v2\/media?parent=2302"}],"curies":[{"name":"wp","href":"https:\/\/api.w.org\/{rel}","templated":true}]}}