{"id":2333,"date":"2018-12-03T23:17:50","date_gmt":"2018-12-04T03:17:50","guid":{"rendered":"http:\/\/saralaflamme.ca\/?page_id=2333"},"modified":"2018-12-05T15:36:31","modified_gmt":"2018-12-05T19:36:31","slug":"bridge","status":"publish","type":"page","link":"https:\/\/inspiredentistes.ca\/de\/services\/treatments\/bridge\/","title":{"rendered":"Br\u00fccke"},"content":{"rendered":"<p>Die Br\u00fccke ist eine Struktur, die einen oder wenige fehlende Z\u00e4hne ersetzt und an benachbarten Z\u00e4hnen befestigt ist.<\/p>\n<p>Manchmal ist es eine L\u00f6sung, gleichzeitig die Nachbarz\u00e4hne zu verfestigen.<\/p>\n<p><img loading=\"lazy\" decoding=\"async\" class=\"alignnone size-medium wp-image-2335\" src=\"http:\/\/saralaflamme.ca\/wp-content\/uploads\/2018\/12\/teeth-2833421__340-1-300x169.jpg\" alt=\"\" width=\"300\" height=\"169\" srcset=\"https:\/\/inspiredentistes.ca\/wp-content\/uploads\/2018\/12\/teeth-2833421__340-1-300x169.jpg 300w, https:\/\/inspiredentistes.ca\/wp-content\/uploads\/2018\/12\/teeth-2833421__340-1.jpg 604w\" sizes=\"auto, (max-width: 300px) 100vw, 300px\" \/><\/p>","protected":false},"excerpt":{"rendered":"<p>Die Br\u00fccke ist eine Struktur, die einen oder wenige fehlende Z\u00e4hne ersetzt und an benachbarten Z\u00e4hnen befestigt ist. Manchmal ist es eine L\u00f6sung, gleichzeitig die Nachbarz\u00e4hne zu verfestigen.<\/p>\n","protected":false},"author":2,"featured_media":0,"parent":12,"menu_order":0,"comment_status":"closed","ping_status":"closed","template":"","meta":{"footnotes":""},"class_list":["post-2333","page","type-page","status-publish","h-entry","hentry","h-as-page"],"_links":{"self":[{"href":"https:\/\/inspiredentistes.ca\/de\/wp-json\/wp\/v2\/pages\/2333","targetHints":{"allow":["GET"]}}],"collection":[{"href":"https:\/\/inspiredentistes.ca\/de\/wp-json\/wp\/v2\/pages"}],"about":[{"href":"https:\/\/inspiredentistes.ca\/de\/wp-json\/wp\/v2\/types\/page"}],"author":[{"embeddable":true,"href":"https:\/\/inspiredentistes.ca\/de\/wp-json\/wp\/v2\/users\/2"}],"replies":[{"embeddable":true,"href":"https:\/\/inspiredentistes.ca\/de\/wp-json\/wp\/v2\/comments?post=2333"}],"version-history":[{"count":5,"href":"https:\/\/inspiredentistes.ca\/de\/wp-json\/wp\/v2\/pages\/2333\/revisions"}],"predecessor-version":[{"id":2395,"href":"https:\/\/inspiredentistes.ca\/de\/wp-json\/wp\/v2\/pages\/2333\/revisions\/2395"}],"up":[{"embeddable":true,"href":"https:\/\/inspiredentistes.ca\/de\/wp-json\/wp\/v2\/pages\/12"}],"wp:attachment":[{"href":"https:\/\/inspiredentistes.ca\/de\/wp-json\/wp\/v2\/media?parent=2333"}],"curies":[{"name":"wp","href":"https:\/\/api.w.org\/{rel}","templated":true}]}}