{"id":4084,"date":"2019-11-10T11:22:45","date_gmt":"2019-11-10T15:22:45","guid":{"rendered":"http:\/\/saralaflamme.ca\/?page_id=4084"},"modified":"2022-09-12T23:07:02","modified_gmt":"2022-09-13T03:07:02","slug":"orthodontics","status":"publish","type":"page","link":"https:\/\/inspiredentistes.ca\/de\/services\/treatments\/orthodontics\/","title":{"rendered":"Myofunktionelle Interzeptive Kieferorthop\u00e4die"},"content":{"rendered":"<p><strong>Haben Sie von myofunktionaler Kieferorthop\u00e4die geh\u00f6rt?<\/strong><\/p>\n<p>Wir behandeln Kinder mit Apparaturen, die meistens nachts getragen werden, und trainieren die Mundmuskulatur. Zus\u00e4tzlich, dass Ihr Kind ges\u00fcnder sprechen, kauen, atmen und schlafen kann, hat es mehr platz f\u00fcr gerade Z\u00e4hne.<\/p>\n<ul>\n<li>Hat Ihr Kind einen zur\u00fcckgezogenen Unterkiefer?<\/li>\n<li>Wussten Sie, dass ein Defizit in der Kieferentwicklung mit einer falschen Zungenhaltung und einer nicht physiologischen Atmung verbunden ist?<\/li>\n<li>Hat Ihr Kind krumme Z\u00e4hne oder keine L\u00fccken zwischen den Milchz\u00e4hnen?<\/li>\n<li>Wussten Sie, dass Ihr Kind seine gesamte Gesundheit verbessern kann, indem es seine Atmung verbessert?<\/li>\n<\/ul>\n<p>Diese und viele weitere Probleme k\u00f6nnen in einem Beratungsgespr\u00e4ch mit Dr Sara Laflamme analysiert werden, um herauszufinden, ob die myofunktionelle interzeptive Kieferorthop\u00e4die f\u00fcr Ihr Kind geeignet ist.<\/p>\n<p><strong>Beratungen bereits ab 3 Jahren<\/strong><\/p>\n<p><a style=\"-webkit-text-size-adjust: none; text-decoration: none; display: inline-block; color: #ffffff; background-color: #3aaee0; border-radius: 4px; -webkit-border-radius: 4px; -moz-border-radius: 4px; width: auto; font-family: 'Trebuchet MS', 'Lucida Grande', 'Lucida Sans Unicode', 'Lucida Sans', Tahoma, sans-serif; text-align: center; mso-border-alt: none; word-break: keep-all; border: 1px solid #3AAEE0; padding: 5px 5px 5px 5px;\" href=\"http:\/\/saralaflamme.ca\/services\/treatments\/myofunctionnal-interceptive-orthodontics\/\">Mehr erfahren<\/a><\/p>","protected":false},"excerpt":{"rendered":"<p>Haben Sie von myofunktionaler Kieferorthop\u00e4die geh\u00f6rt? Wir behandeln Kinder mit Apparaturen, die meistens nachts getragen werden, und trainieren die Mundmuskulatur. Zus\u00e4tzlich, dass Ihr Kind ges\u00fcnder sprechen, kauen, atmen und schlafen kann, hat es mehr platz f\u00fcr gerade Z\u00e4hne. Hat Ihr Kind einen zur\u00fcckgezogenen Unterkiefer? Wussten Sie, dass ein Defizit in der Kieferentwicklung mit einer falschen <a href=\"https:\/\/inspiredentistes.ca\/de\/services\/treatments\/orthodontics\/\" class=\"more-link\">...weiterlesen<span class=\"screen-reader-text\"> \"Myofunktionelle Interzeptive Kieferorthop\u00e4die\"<\/span><\/a><\/p>\n","protected":false},"author":1,"featured_media":0,"parent":12,"menu_order":0,"comment_status":"closed","ping_status":"closed","template":"","meta":{"footnotes":""},"class_list":["post-4084","page","type-page","status-publish","h-entry","hentry","h-as-page"],"_links":{"self":[{"href":"https:\/\/inspiredentistes.ca\/de\/wp-json\/wp\/v2\/pages\/4084","targetHints":{"allow":["GET"]}}],"collection":[{"href":"https:\/\/inspiredentistes.ca\/de\/wp-json\/wp\/v2\/pages"}],"about":[{"href":"https:\/\/inspiredentistes.ca\/de\/wp-json\/wp\/v2\/types\/page"}],"author":[{"embeddable":true,"href":"https:\/\/inspiredentistes.ca\/de\/wp-json\/wp\/v2\/users\/1"}],"replies":[{"embeddable":true,"href":"https:\/\/inspiredentistes.ca\/de\/wp-json\/wp\/v2\/comments?post=4084"}],"version-history":[{"count":23,"href":"https:\/\/inspiredentistes.ca\/de\/wp-json\/wp\/v2\/pages\/4084\/revisions"}],"predecessor-version":[{"id":4162,"href":"https:\/\/inspiredentistes.ca\/de\/wp-json\/wp\/v2\/pages\/4084\/revisions\/4162"}],"up":[{"embeddable":true,"href":"https:\/\/inspiredentistes.ca\/de\/wp-json\/wp\/v2\/pages\/12"}],"wp:attachment":[{"href":"https:\/\/inspiredentistes.ca\/de\/wp-json\/wp\/v2\/media?parent=4084"}],"curies":[{"name":"wp","href":"https:\/\/api.w.org\/{rel}","templated":true}]}}