{"id":4342,"date":"2020-04-19T14:53:25","date_gmt":"2020-04-19T18:53:25","guid":{"rendered":"http:\/\/saralaflamme.ca\/?page_id=4342"},"modified":"2022-09-14T21:29:53","modified_gmt":"2022-09-15T01:29:53","slug":"wisdomteeth","status":"publish","type":"page","link":"https:\/\/inspiredentistes.ca\/de\/services\/treatments\/wisdomteeth\/","title":{"rendered":"Weisheitsz\u00e4hne"},"content":{"rendered":"<p><strong>WARUM WIR SIE ENTFERNEN?<\/strong><\/p>\n<p>Die Entfernung von Weisheitsz\u00e4hnen wird empfohlen, wenn der Platz f\u00fcr die Kieferknochen nicht ausreicht. Es ist daher wahrscheinlich, dass sie gegen den benachbarten Zahn positioniert sind oder ganz oder teilweise im Zahnfleisch bleiben.<\/p>\n<p><strong><a href=\"http:\/\/saralaflamme.ca\/wp-content\/uploads\/2022\/09\/VID3397.jpg\"><img loading=\"lazy\" decoding=\"async\" class=\"alignright wp-image-5573 size-medium\" src=\"http:\/\/saralaflamme.ca\/wp-content\/uploads\/2022\/09\/VID3397-200x300.jpg\" alt=\"\" width=\"200\" height=\"300\" \/><\/a><\/strong><\/p>\n<p>Ein Zahn der nicht ganz raus ist, ist nicht zum Kauen geeignet und man kann sich vorstellen, dass die Natur nicht es so geplant hatte, dass er im Zahnfleisch verbleibt. Der Zahn, der im Zahnfleisch ist, hat eine H\u00fclle, in der er w\u00e4chst. Mit der Zeit kann diese H\u00fclle wachsen und eine Zyste oder L\u00e4sionen bilden, die den Kieferknochen und die Struktur benachbarter Z\u00e4hne besch\u00e4digen k\u00f6nnen.<\/p>\n<p>Wenn der Weisheitszahn an einem anderen Zahn dr\u00fcckt, ist er nutzlos, da er nicht zum Kauen verwendet werden kann. Es gef\u00e4hrdet einfach den neben Zahn f\u00fcr Karies oder parodontale Entz\u00fcndungen. In dem Fall, in dem der Zahn halb im Gaumen bleibt, besteht aufgrund des Zahnfleisches, das den Zahn teilweise bedeckt, die Gefahr eines Ansammlung von Nahrungsmitteln oder Bakterien.<\/p>\n<p><strong>WANN?<\/strong><\/p>\n<p>Es wird allgemein empfohlen, Ihre Weisheitsz\u00e4hne entfernen zu lassen, bevor ihre Wurzeln vollst\u00e4ndig gebildet sind. Zus\u00e4tzlich zur Erleichterung ihrer Extraktion ist es vorzuziehen, zu diesem Zeitpunkt fortzufahren, da die Z\u00e4hne, wenn sie weniger geformt sind, weniger gut im Knochen verankert sind und daher weiter von bestimmten anatomischen Strukturen wie Nerven entfernt sind. Je st\u00e4rker die unteren Weisheitsz\u00e4hne geformt sind, desdo n\u00e4her kommen sie einem Nerv, der sich \u00fcber die L\u00e4nge des Kiefers erstreckt. W\u00e4hrend des Eingriffs ist das Risiko einer Sch\u00e4digung dieses Nervs umso gr\u00f6\u00dfer, je n\u00e4her der Zahn am Nerv liegt.<\/p>\n<p><strong>WAS ZU ERWARTEN?<\/strong><\/p>\n<p>Der Termin wird unter Lokal Bet\u00e4ubung durchgef\u00fchrt und es werden vorher beruhigende Medikamente verschrieben. Es ist schmerzfrei und endet in den meisten F\u00e4llen mit resorbierbaren N\u00e4hten, sodass kein Termin erforderlich ist, um sie entfernen zu lassen.<\/p>\n<p><strong>WAS PLANEN?<\/strong><\/p>\n<p>Eine weiche, kalte Di\u00e4t wird f\u00fcr die 24 Stunden empfohlen. Es ist auch vorgeschrieben, 48 Stunden nach dem Termin, keine sportlichen Aktivit\u00e4ten auszuf\u00fchren.<\/p>\n<p>Wenden Sie sich an unser Team, um weitere Informationen zu erhalten!<\/p>","protected":false},"excerpt":{"rendered":"<p>WARUM WIR SIE ENTFERNEN? Die Entfernung von Weisheitsz\u00e4hnen wird empfohlen, wenn der Platz f\u00fcr die Kieferknochen nicht ausreicht. Es ist daher wahrscheinlich, dass sie gegen den benachbarten Zahn positioniert sind oder ganz oder teilweise im Zahnfleisch bleiben. Ein Zahn der nicht ganz raus ist, ist nicht zum Kauen geeignet und man kann sich vorstellen, dass <a href=\"https:\/\/inspiredentistes.ca\/de\/services\/treatments\/wisdomteeth\/\" class=\"more-link\">...weiterlesen<span class=\"screen-reader-text\"> \"Weisheitsz\u00e4hne\"<\/span><\/a><\/p>\n","protected":false},"author":2,"featured_media":0,"parent":12,"menu_order":0,"comment_status":"closed","ping_status":"closed","template":"","meta":{"footnotes":""},"class_list":["post-4342","page","type-page","status-publish","h-entry","hentry","h-as-page"],"_links":{"self":[{"href":"https:\/\/inspiredentistes.ca\/de\/wp-json\/wp\/v2\/pages\/4342","targetHints":{"allow":["GET"]}}],"collection":[{"href":"https:\/\/inspiredentistes.ca\/de\/wp-json\/wp\/v2\/pages"}],"about":[{"href":"https:\/\/inspiredentistes.ca\/de\/wp-json\/wp\/v2\/types\/page"}],"author":[{"embeddable":true,"href":"https:\/\/inspiredentistes.ca\/de\/wp-json\/wp\/v2\/users\/2"}],"replies":[{"embeddable":true,"href":"https:\/\/inspiredentistes.ca\/de\/wp-json\/wp\/v2\/comments?post=4342"}],"version-history":[{"count":22,"href":"https:\/\/inspiredentistes.ca\/de\/wp-json\/wp\/v2\/pages\/4342\/revisions"}],"predecessor-version":[{"id":5678,"href":"https:\/\/inspiredentistes.ca\/de\/wp-json\/wp\/v2\/pages\/4342\/revisions\/5678"}],"up":[{"embeddable":true,"href":"https:\/\/inspiredentistes.ca\/de\/wp-json\/wp\/v2\/pages\/12"}],"wp:attachment":[{"href":"https:\/\/inspiredentistes.ca\/de\/wp-json\/wp\/v2\/media?parent=4342"}],"curies":[{"name":"wp","href":"https:\/\/api.w.org\/{rel}","templated":true}]}}