{"id":4839,"date":"2021-01-19T22:06:30","date_gmt":"2021-01-20T02:06:30","guid":{"rendered":"http:\/\/saralaflamme.ca\/?page_id=4839"},"modified":"2021-01-19T22:26:42","modified_gmt":"2021-01-20T02:26:42","slug":"trios-3d-scanner","status":"publish","type":"page","link":"https:\/\/inspiredentistes.ca\/de\/services\/technology\/trios-3d-scanner\/","title":{"rendered":"TRIOS 3D-Scanner"},"content":{"rendered":"<p>Wir freuen uns, an der 3Shape-Familie zu geh\u00f6ren!<\/p>\n<p>Wir verwenden jetzt den 3D-Scanner, um Abdr\u00fccke aufzunehmen.<br \/>\nDie alten Zeiten mit Putty sind vorbei.<br \/>\nGenie\u00dfen Sie bei Ihrem n\u00e4chsten Impressionstermin den Komfort dieser Technologie!<br \/>\n<img loading=\"lazy\" decoding=\"async\" src=\"http:\/\/saralaflamme.ca\/wp-content\/uploads\/2021\/01\/Screen-Shot-2021-01-19-at-9.02.55-PM-300x193.png\" alt=\"\" width=\"300\" height=\"193\" class=\"alignnone size-medium wp-image-4840\" srcset=\"https:\/\/inspiredentistes.ca\/wp-content\/uploads\/2021\/01\/Screen-Shot-2021-01-19-at-9.02.55-PM-300x193.png 300w, https:\/\/inspiredentistes.ca\/wp-content\/uploads\/2021\/01\/Screen-Shot-2021-01-19-at-9.02.55-PM-768x493.png 768w, https:\/\/inspiredentistes.ca\/wp-content\/uploads\/2021\/01\/Screen-Shot-2021-01-19-at-9.02.55-PM.png 776w\" sizes=\"auto, (max-width: 300px) 100vw, 300px\" \/><\/p>","protected":false},"excerpt":{"rendered":"<p>Wir freuen uns, an der 3Shape-Familie zu geh\u00f6ren! Wir verwenden jetzt den 3D-Scanner, um Abdr\u00fccke aufzunehmen. Die alten Zeiten mit Putty sind vorbei. Genie\u00dfen Sie bei Ihrem n\u00e4chsten Impressionstermin den Komfort dieser Technologie!<\/p>\n","protected":false},"author":2,"featured_media":0,"parent":22,"menu_order":0,"comment_status":"closed","ping_status":"closed","template":"","meta":{"footnotes":""},"class_list":["post-4839","page","type-page","status-publish","h-entry","hentry","h-as-page"],"_links":{"self":[{"href":"https:\/\/inspiredentistes.ca\/de\/wp-json\/wp\/v2\/pages\/4839","targetHints":{"allow":["GET"]}}],"collection":[{"href":"https:\/\/inspiredentistes.ca\/de\/wp-json\/wp\/v2\/pages"}],"about":[{"href":"https:\/\/inspiredentistes.ca\/de\/wp-json\/wp\/v2\/types\/page"}],"author":[{"embeddable":true,"href":"https:\/\/inspiredentistes.ca\/de\/wp-json\/wp\/v2\/users\/2"}],"replies":[{"embeddable":true,"href":"https:\/\/inspiredentistes.ca\/de\/wp-json\/wp\/v2\/comments?post=4839"}],"version-history":[{"count":6,"href":"https:\/\/inspiredentistes.ca\/de\/wp-json\/wp\/v2\/pages\/4839\/revisions"}],"predecessor-version":[{"id":4846,"href":"https:\/\/inspiredentistes.ca\/de\/wp-json\/wp\/v2\/pages\/4839\/revisions\/4846"}],"up":[{"embeddable":true,"href":"https:\/\/inspiredentistes.ca\/de\/wp-json\/wp\/v2\/pages\/22"}],"wp:attachment":[{"href":"https:\/\/inspiredentistes.ca\/de\/wp-json\/wp\/v2\/media?parent=4839"}],"curies":[{"name":"wp","href":"https:\/\/api.w.org\/{rel}","templated":true}]}}