{"id":76,"date":"2016-10-18T19:50:10","date_gmt":"2016-10-18T19:50:10","guid":{"rendered":"http:\/\/saralaflamme.ca\/?page_id=76"},"modified":"2018-12-03T22:08:19","modified_gmt":"2018-12-04T02:08:19","slug":"teeth-whitening","status":"publish","type":"page","link":"https:\/\/inspiredentistes.ca\/de\/services\/treatments\/teeth-whitening\/","title":{"rendered":"Zahnaufhellung"},"content":{"rendered":"<p>M\u00f6chten Sie die Farbe Ihrer Z\u00e4hne \u00e4ndern? Zahnaufhellung\u00a0ist eine konservative Behandlung, die das Aussehen Ihres L\u00e4chelns verbessert.<\/p>\n<p><img loading=\"lazy\" decoding=\"async\" class=\"alignnone size-medium wp-image-2242\" src=\"http:\/\/saralaflamme.ca\/wp-content\/uploads\/2018\/12\/tooth-2414909__340-300x103.jpg\" alt=\"\" width=\"300\" height=\"103\" srcset=\"https:\/\/inspiredentistes.ca\/wp-content\/uploads\/2018\/12\/tooth-2414909__340-300x103.jpg 300w, https:\/\/inspiredentistes.ca\/wp-content\/uploads\/2018\/12\/tooth-2414909__340-768x263.jpg 768w, https:\/\/inspiredentistes.ca\/wp-content\/uploads\/2018\/12\/tooth-2414909__340-960x329.jpg 960w, https:\/\/inspiredentistes.ca\/wp-content\/uploads\/2018\/12\/tooth-2414909__340.jpg 993w\" sizes=\"auto, (max-width: 300px) 100vw, 300px\" \/><\/p>\n<p>Hier sind einige Ursachen f\u00fcr Zahnverf\u00e4rbungen:<\/p>\n<ul>\n<li>Konsum von bestimmten Lebensmittel z.B.\u00a0Kaffee oder Rotwein<\/li>\n<li>Einige Gewohnheiten, einschlie\u00dflich Rauchen<\/li>\n<li>Unzureichende Zahnhygiene<\/li>\n<li>manche Antibiotika (Tetracyclin)<\/li>\n<li>Zuviel Fluor in der Kindheit<\/li>\n<li>Die nat\u00fcrliche Alterung der Z\u00e4hne<\/li>\n<\/ul>\n<p>Fragen Sie uns einfach und wir informieren Sie, was Ihre besten M\u00f6glichkeiten sind.<\/p>","protected":false},"excerpt":{"rendered":"<p>M\u00f6chten Sie die Farbe Ihrer Z\u00e4hne \u00e4ndern? Zahnaufhellung\u00a0ist eine konservative Behandlung, die das Aussehen Ihres L\u00e4chelns verbessert. Hier sind einige Ursachen f\u00fcr Zahnverf\u00e4rbungen: Konsum von bestimmten Lebensmittel z.B.\u00a0Kaffee oder Rotwein Einige Gewohnheiten, einschlie\u00dflich Rauchen Unzureichende Zahnhygiene manche Antibiotika (Tetracyclin) Zuviel Fluor in der Kindheit Die nat\u00fcrliche Alterung der Z\u00e4hne Fragen Sie uns einfach und wir <a href=\"https:\/\/inspiredentistes.ca\/de\/services\/treatments\/teeth-whitening\/\" class=\"more-link\">...weiterlesen<span class=\"screen-reader-text\"> \"Zahnaufhellung\"<\/span><\/a><\/p>\n","protected":false},"author":1,"featured_media":0,"parent":12,"menu_order":0,"comment_status":"closed","ping_status":"closed","template":"","meta":{"footnotes":""},"class_list":["post-76","page","type-page","status-publish","h-entry","hentry","h-as-page"],"_links":{"self":[{"href":"https:\/\/inspiredentistes.ca\/de\/wp-json\/wp\/v2\/pages\/76","targetHints":{"allow":["GET"]}}],"collection":[{"href":"https:\/\/inspiredentistes.ca\/de\/wp-json\/wp\/v2\/pages"}],"about":[{"href":"https:\/\/inspiredentistes.ca\/de\/wp-json\/wp\/v2\/types\/page"}],"author":[{"embeddable":true,"href":"https:\/\/inspiredentistes.ca\/de\/wp-json\/wp\/v2\/users\/1"}],"replies":[{"embeddable":true,"href":"https:\/\/inspiredentistes.ca\/de\/wp-json\/wp\/v2\/comments?post=76"}],"version-history":[{"count":14,"href":"https:\/\/inspiredentistes.ca\/de\/wp-json\/wp\/v2\/pages\/76\/revisions"}],"predecessor-version":[{"id":2255,"href":"https:\/\/inspiredentistes.ca\/de\/wp-json\/wp\/v2\/pages\/76\/revisions\/2255"}],"up":[{"embeddable":true,"href":"https:\/\/inspiredentistes.ca\/de\/wp-json\/wp\/v2\/pages\/12"}],"wp:attachment":[{"href":"https:\/\/inspiredentistes.ca\/de\/wp-json\/wp\/v2\/media?parent=76"}],"curies":[{"name":"wp","href":"https:\/\/api.w.org\/{rel}","templated":true}]}}