{"id":87,"date":"2016-10-18T20:48:33","date_gmt":"2016-10-18T20:48:33","guid":{"rendered":"http:\/\/saralaflamme.ca\/?page_id=87"},"modified":"2022-09-13T22:40:47","modified_gmt":"2022-09-14T02:40:47","slug":"laser-surgery","status":"publish","type":"page","link":"https:\/\/inspiredentistes.ca\/de\/services\/technology\/laser-surgery\/","title":{"rendered":"CO\u2082 Laser"},"content":{"rendered":"<p><strong>Was sind die Vorteile von CO\u2082-Laserverfahren?<\/strong><\/p>\n<p>Wir sind stolz darauf, unseren Patienten die vielen Vorteile der Lasertechnologie bieten zu k\u00f6nnen:<\/p>\n<p><strong>Minimierte Blutung<\/strong><\/p>\n<p>Durch die Verdampfung des Gewebes verschlie\u00dft der CO\u2082-Laser kleine Blutgef\u00e4\u00dfe.\u00a0Diese starke Reduzierung der Blutung macht chirurgische Eingriffe schnell und einfach. In vielen F\u00e4llen ist kein N\u00e4hen erforderlich.<\/p>\n<p><strong>Weniger Schwellungen und Unannehmlichkeiten<\/strong><\/p>\n<p>Der CO\u2082-Laserstrahl versiegelt die Lymphgef\u00e4\u00dfe, was zu weniger Schwellungen und Beschwerden f\u00fchrt als bei herk\u00f6mmlichen Skalpelloperationen.<\/p>\n<p><strong>Geringeres Infektionsrisiko<\/strong><\/p>\n<p>Die desinfizierende Wirkung des Lasers verringert das Infektionsrisiko und<br \/>\nbedeutet schnellere Heilung.<\/p>\n<p><strong>Verk\u00fcrzte Operationszeit<\/strong><\/p>\n<p>Durch die verbesserte Sichtbarkeit des Operationsfeldes kommt es zu weniger Blutungen.\u00a0Der Zahnarzt und das Team m\u00fcssen nicht mehr so viel Zeit aufwenden, um die Blutung zu kontrollieren, dadurch verk\u00fcrzt sich die Dauer des Eingriffs.<\/p>\n<p><strong>Schnellere Genesung<\/strong><\/p>\n<p>Ein geringeres Trauma, weniger Blutungen, weniger Schmerzen und Schwellungen sowie kurze Narkosezeiten bedeuten in den meisten F\u00e4llen, dass Sie noch am selben Tag wieder zur Arbeit oder in die Schule gehen k\u00f6nnen.<\/p>\n<h3>Was ist ein LightScalpel CO\u2082-Laser?<\/h3>\n<p><a href=\"http:\/\/saralaflamme.ca\/wp-content\/uploads\/2022\/09\/laser.jpg\"><img loading=\"lazy\" decoding=\"async\" class=\"alignright wp-image-5668 size-medium\" src=\"http:\/\/saralaflamme.ca\/wp-content\/uploads\/2022\/09\/laser-300x300.jpg\" alt=\"\" width=\"300\" height=\"300\" srcset=\"https:\/\/inspiredentistes.ca\/wp-content\/uploads\/2022\/09\/laser-300x300.jpg 300w, https:\/\/inspiredentistes.ca\/wp-content\/uploads\/2022\/09\/laser-150x150.jpg 150w, https:\/\/inspiredentistes.ca\/wp-content\/uploads\/2022\/09\/laser.jpg 600w\" sizes=\"auto, (max-width: 300px) 100vw, 300px\" \/><\/a>Der LightScalpel CO\u2082-Laser ist ein Ger\u00e4t, das einen konzentrierten Lichtstrahl erzeugt. Der hochkonzentrierte CO\u2082-Laserstrahl verdampft sauber und pr\u00e4zise und verschlie\u00dft gleichzeitig die Blutgef\u00e4\u00dfe. In die Entwicklung dieses Lasersystems sind viele Jahre Erfahrung in der Medizin und Kieferchirurgie eingeflossen, um eine optimale Versorgung der Patienten zu gew\u00e4hrleisten.<\/p>\n<p>Unser Laser ist so pr\u00e4zise, dass wir bei Bedarf selektiv nur wenige Zellen auf einmal entfernen k\u00f6nnen. Gleichzeitig ist er stark genug, um auch gro\u00dfe Tumore zu entfernen.<\/p>\n<h3>Sind LightScalpel-Lasereingriffe sicher?<\/h3>\n<p>Wenn der Laser gem\u00e4\u00df den anerkannten Richtlinien von einem geschulten Arzt eingesetzt wird, ist er genauso sicher wie andere Instrumente. Sie werden eine spezielle Schutzbrille tragen, so wie Sie Ihre Augen vor Sonneneinstrahlung sch\u00fctzen w\u00fcrden.<\/p>\n<hr \/>\n<p>Laserchirurgie ist eine nicht-invasive Behandlung, weil sie, im Gegensatz zu den traditionellen zahn\u00e4rztlichen Instrumenten, nicht das Gewebe durchdringt. Die\u00a0extreme Pr\u00e4zision erm\u00f6glicht es dem Zahnarzt, nur einen bestimmten Bereich zu behandeln, unter Ber\u00fccksichtigung der gesunden Bereiche\u00a0rund um die betroffene Stelle.<\/p>\n<p>Wir merken auch eine signifikante Reduktion von Entz\u00fcndungen und Schwellungen dank der antibakteriellen Wirkung dieser Art von Behandlung. Komplikationen nach der Behandlung treten so\u00a0gut\u00a0wie nie auf.<\/p>","protected":false},"excerpt":{"rendered":"<p>Was sind die Vorteile von CO\u2082-Laserverfahren? Wir sind stolz darauf, unseren Patienten die vielen Vorteile der Lasertechnologie bieten zu k\u00f6nnen: Minimierte Blutung Durch die Verdampfung des Gewebes verschlie\u00dft der CO\u2082-Laser kleine Blutgef\u00e4\u00dfe.\u00a0Diese starke Reduzierung der Blutung macht chirurgische Eingriffe schnell und einfach. In vielen F\u00e4llen ist kein N\u00e4hen erforderlich. Weniger Schwellungen und Unannehmlichkeiten Der CO\u2082-Laserstrahl <a href=\"https:\/\/inspiredentistes.ca\/de\/services\/technology\/laser-surgery\/\" class=\"more-link\">...weiterlesen<span class=\"screen-reader-text\"> \"CO\u2082 Laser\"<\/span><\/a><\/p>\n","protected":false},"author":1,"featured_media":0,"parent":22,"menu_order":0,"comment_status":"closed","ping_status":"closed","template":"","meta":{"footnotes":""},"class_list":["post-87","page","type-page","status-publish","h-entry","hentry","h-as-page"],"_links":{"self":[{"href":"https:\/\/inspiredentistes.ca\/de\/wp-json\/wp\/v2\/pages\/87","targetHints":{"allow":["GET"]}}],"collection":[{"href":"https:\/\/inspiredentistes.ca\/de\/wp-json\/wp\/v2\/pages"}],"about":[{"href":"https:\/\/inspiredentistes.ca\/de\/wp-json\/wp\/v2\/types\/page"}],"author":[{"embeddable":true,"href":"https:\/\/inspiredentistes.ca\/de\/wp-json\/wp\/v2\/users\/1"}],"replies":[{"embeddable":true,"href":"https:\/\/inspiredentistes.ca\/de\/wp-json\/wp\/v2\/comments?post=87"}],"version-history":[{"count":19,"href":"https:\/\/inspiredentistes.ca\/de\/wp-json\/wp\/v2\/pages\/87\/revisions"}],"predecessor-version":[{"id":5670,"href":"https:\/\/inspiredentistes.ca\/de\/wp-json\/wp\/v2\/pages\/87\/revisions\/5670"}],"up":[{"embeddable":true,"href":"https:\/\/inspiredentistes.ca\/de\/wp-json\/wp\/v2\/pages\/22"}],"wp:attachment":[{"href":"https:\/\/inspiredentistes.ca\/de\/wp-json\/wp\/v2\/media?parent=87"}],"curies":[{"name":"wp","href":"https:\/\/api.w.org\/{rel}","templated":true}]}}