{"id":94,"date":"2016-10-18T21:09:48","date_gmt":"2016-10-18T21:09:48","guid":{"rendered":"http:\/\/saralaflamme.ca\/?page_id=94"},"modified":"2018-12-03T23:49:23","modified_gmt":"2018-12-04T03:49:23","slug":"invisalign","status":"publish","type":"page","link":"https:\/\/inspiredentistes.ca\/de\/services\/technology\/invisalign\/","title":{"rendered":"Invisalign"},"content":{"rendered":"<p><img loading=\"lazy\" decoding=\"async\" class=\"aligncenter wp-image-95 size-full\" src=\"http:\/\/saralaflamme.ca\/wp-content\/uploads\/2016\/10\/invisalign.jpg\" alt=\"invisalign\" width=\"600\" height=\"130\" srcset=\"https:\/\/inspiredentistes.ca\/wp-content\/uploads\/2016\/10\/invisalign.jpg 600w, https:\/\/inspiredentistes.ca\/wp-content\/uploads\/2016\/10\/invisalign-300x65.jpg 300w\" sizes=\"auto, (max-width: 600px) 100vw, 600px\" \/><\/p>\n<p>Invisalign erm\u00f6glicht es Ihnen, Ihre Z\u00e4hne auszurichten, wie Sie es immer wollten. Die\u00a0einfach zu tragende Zahnspange ist\u00a0transparent und wird sie dem\u00a0Ziel von geraden Z\u00e4hnen n\u00e4herbringen.<\/p>\n<p>Trotz der Tatsache, dass Invisalign eine sehr vielseitige und technische\u00a0Behandlung ist, m\u00fcssen einige F\u00e4lle mit traditionellen kieferorthop\u00e4dischen festen\u00a0Zahnspangen\u00a0behandelt werden. Wir k\u00f6nnen sie beraten was das Beste f\u00fcr Sie ist.<\/p>","protected":false},"excerpt":{"rendered":"<p>Invisalign erm\u00f6glicht es Ihnen, Ihre Z\u00e4hne auszurichten, wie Sie es immer wollten. Die\u00a0einfach zu tragende Zahnspange ist\u00a0transparent und wird sie dem\u00a0Ziel von geraden Z\u00e4hnen n\u00e4herbringen. Trotz der Tatsache, dass Invisalign eine sehr vielseitige und technische\u00a0Behandlung ist, m\u00fcssen einige F\u00e4lle mit traditionellen kieferorthop\u00e4dischen festen\u00a0Zahnspangen\u00a0behandelt werden. Wir k\u00f6nnen sie beraten was das Beste f\u00fcr Sie ist.<\/p>\n","protected":false},"author":1,"featured_media":0,"parent":22,"menu_order":0,"comment_status":"closed","ping_status":"closed","template":"","meta":{"footnotes":""},"class_list":["post-94","page","type-page","status-publish","h-entry","hentry","h-as-page"],"_links":{"self":[{"href":"https:\/\/inspiredentistes.ca\/de\/wp-json\/wp\/v2\/pages\/94","targetHints":{"allow":["GET"]}}],"collection":[{"href":"https:\/\/inspiredentistes.ca\/de\/wp-json\/wp\/v2\/pages"}],"about":[{"href":"https:\/\/inspiredentistes.ca\/de\/wp-json\/wp\/v2\/types\/page"}],"author":[{"embeddable":true,"href":"https:\/\/inspiredentistes.ca\/de\/wp-json\/wp\/v2\/users\/1"}],"replies":[{"embeddable":true,"href":"https:\/\/inspiredentistes.ca\/de\/wp-json\/wp\/v2\/comments?post=94"}],"version-history":[{"count":11,"href":"https:\/\/inspiredentistes.ca\/de\/wp-json\/wp\/v2\/pages\/94\/revisions"}],"predecessor-version":[{"id":2363,"href":"https:\/\/inspiredentistes.ca\/de\/wp-json\/wp\/v2\/pages\/94\/revisions\/2363"}],"up":[{"embeddable":true,"href":"https:\/\/inspiredentistes.ca\/de\/wp-json\/wp\/v2\/pages\/22"}],"wp:attachment":[{"href":"https:\/\/inspiredentistes.ca\/de\/wp-json\/wp\/v2\/media?parent=94"}],"curies":[{"name":"wp","href":"https:\/\/api.w.org\/{rel}","templated":true}]}}